{"id":249,"date":"2021-10-07T21:24:47","date_gmt":"2021-10-07T19:24:47","guid":{"rendered":"https:\/\/happyheart.center\/home\/"},"modified":"2024-01-03T23:33:58","modified_gmt":"2024-01-03T21:33:58","slug":"home","status":"publish","type":"page","link":"https:\/\/happyheart.center\/en\/","title":{"rendered":"Home"},"content":{"rendered":"<p>[et_pb_section fb_built=&#8221;1&#8243; _builder_version=&#8221;4.21.0&#8243; _module_preset=&#8221;default&#8221; custom_margin=&#8221;||||false|false&#8221; custom_padding=&#8221;0px||0px||true|false&#8221; global_colors_info=&#8221;{}&#8221;][et_pb_row _builder_version=&#8221;4.21.0&#8243; _module_preset=&#8221;default&#8221; custom_padding=&#8221;||||false|false&#8221; global_colors_info=&#8221;{}&#8221;][et_pb_column type=&#8221;4_4&#8243; _builder_version=&#8221;4.16&#8243; _module_preset=&#8221;default&#8221; global_colors_info=&#8221;{}&#8221;][et_pb_image src=&#8221;https:\/\/happyheart.center\/wp-content\/uploads\/2020\/11\/HappyHeart_Rectangle.Color_.svg&#8221; title_text=&#8221;HappyHeart_Rectangle.Color&#8221; _builder_version=&#8221;4.16&#8243; _module_preset=&#8221;default&#8221; custom_margin=&#8221;||0px|||&#8221; custom_padding=&#8221;||19px|||&#8221; global_colors_info=&#8221;{}&#8221;][\/et_pb_image][et_pb_text _builder_version=&#8221;4.21.0&#8243; _module_preset=&#8221;default&#8221; custom_margin=&#8221;-1em||||false|false&#8221; global_colors_info=&#8221;{}&#8221;]<\/p>\n<h1 style=\"text-align: right; font-size: 2em;\">Retreat Center<\/h1>\n<h2 style=\"text-align: right; font-size: 1em;\">Col St Rapha\u00ebl, gateway to the Pr\u00e9alpes d&#8217;Azur, Alpes-Maritimes (06), Provence Alpes C\u00f4te-d&#8217;Azur (PACA)<\/h2>\n<p>[\/et_pb_text][\/et_pb_column][\/et_pb_row][et_pb_row _builder_version=&#8221;4.21.0&#8243; _module_preset=&#8221;default&#8221; global_colors_info=&#8221;{}&#8221;][et_pb_column type=&#8221;4_4&#8243; _builder_version=&#8221;4.21.0&#8243; _module_preset=&#8221;default&#8221; global_colors_info=&#8221;{}&#8221;][et_pb_slider _builder_version=&#8221;4.21.0&#8243; _module_preset=&#8221;default&#8221; header_text_color=&#8221;#ffffff&#8221; custom_button=&#8221;on&#8221; button_text_color=&#8221;#0288D1&#8243; button_bg_color=&#8221;rgba(255,255,255,0.8)&#8221; button_border_radius=&#8221;8px&#8221; header_text_shadow_style=&#8221;preset3&#8243; header_text_shadow_color=&#8221;#000000&#8243; body_text_shadow_style=&#8221;preset3&#8243; body_text_shadow_color=&#8221;#000000&#8243; global_colors_info=&#8221;{}&#8221;][et_pb_slide heading=&#8221;Feel inspired by Nature&#8221; button_text=&#8221;Contact us&#8221; button_link=&#8221;@ET-DC@eyJkeW5hbWljIjp0cnVlLCJjb250ZW50IjoicG9zdF9saW5rX3VybF9wYWdlIiwic2V0dGluZ3MiOnsicG9zdF9pZCI6IjgxIn19@&#8221; _builder_version=&#8221;4.21.0&#8243; _dynamic_attributes=&#8221;button_link&#8221; _module_preset=&#8221;default&#8221; body_font_size=&#8221;1.2em&#8221; background_image=&#8221;https:\/\/happyheart.center\/wp-content\/uploads\/2020\/11\/housegarden.png&#8221; background_enable_image=&#8221;on&#8221; header_text_shadow_style=&#8221;preset3&#8243; header_text_shadow_blur_strength=&#8221;0.4em&#8221; header_text_shadow_color=&#8221;#000000&#8243; body_text_shadow_style=&#8221;preset3&#8243; body_text_shadow_blur_strength=&#8221;0.4em&#8221; body_text_shadow_color=&#8221;#000000&#8243; global_colors_info=&#8221;{}&#8221; sticky_transition=&#8221;on&#8221;]<\/p>\n<p>To meet, discover, or cultivate oneself, in the charm and tranquility of a retreat center dedicated to well-being and well-living together, to the harmony of personal development and sustainable development, neuroscience and alternative medicines.<\/p>\n<p>[\/et_pb_slide][et_pb_slide heading=&#8221;Your event, naturally&#8221; button_text=&#8221;Contact us&#8221; button_link=&#8221;@ET-DC@eyJkeW5hbWljIjp0cnVlLCJjb250ZW50IjoicG9zdF9saW5rX3VybF9wYWdlIiwic2V0dGluZ3MiOnsicG9zdF9pZCI6IjgxIn19@&#8221; _builder_version=&#8221;4.21.0&#8243; _dynamic_attributes=&#8221;button_link&#8221; _module_preset=&#8221;default&#8221; body_text_color=&#8221;#FFFFFF&#8221; body_font_size=&#8221;1.25em&#8221; background_enable_color=&#8221;off&#8221; background_image=&#8221;https:\/\/happyheart.center\/wp-content\/uploads\/2020\/11\/org_138fd29ca04f20c6_1538561758000.min_.jpg&#8221; background_enable_image=&#8221;on&#8221; body_text_shadow_style=&#8221;preset3&#8243; body_text_shadow_blur_strength=&#8221;0.4em&#8221; body_text_shadow_color=&#8221;#0a0a0a&#8221; global_colors_info=&#8221;{}&#8221; sticky_transition=&#8221;on&#8221;]<\/p>\n<p>Nested in the heart of a 80-hectare private forest park, organize an event tailored to your needs with the help of our specialists, practitioners, chefs and organizers, while taking advantage of the center&#8217;s hosting and organizational infrastructure.<\/p>\n<p>[\/et_pb_slide][\/et_pb_slider][\/et_pb_column][\/et_pb_row][et_pb_row column_structure=&#8221;1_2,1_2&#8243; use_custom_gutter=&#8221;on&#8221; gutter_width=&#8221;2&#8243; make_equal=&#8221;on&#8221; _builder_version=&#8221;4.21.0&#8243; _module_preset=&#8221;default&#8221; custom_margin=&#8221;3em|auto||auto|false|false&#8221; custom_padding=&#8221;||0px|||&#8221; global_colors_info=&#8221;{}&#8221;][et_pb_column type=&#8221;1_2&#8243; _builder_version=&#8221;4.16&#8243; _module_preset=&#8221;default&#8221; global_colors_info=&#8221;{}&#8221;][et_pb_text _builder_version=&#8221;4.21.0&#8243; _module_preset=&#8221;default&#8221; text_font_size=&#8221;1em&#8221; text_line_height=&#8221;1.8em&#8221; custom_padding=&#8221;8px|||||&#8221; global_colors_info=&#8221;{}&#8221;]<\/p>\n<h1>Natural environment, clean air and comfort<\/h1>\n<p style=\"text-align: justify;\">Easily accessible by the N202 road to the northern gate of the Pr\u00e9-Alpes d&#8217;Azur Regional Park, 50 minutes from Nice and 70 minutes from Monaco, the vast forest estate, remained virgin, isolated in its own valley, welcomes you all year round on its natural spaces and comfortable infrastructures for any type of outdoor and indoor activity, from 10 to 50 participants.<\/p>\n<p style=\"text-align: justify;\">\n<p>[\/et_pb_text][\/et_pb_column][et_pb_column type=&#8221;1_2&#8243; _builder_version=&#8221;4.16&#8243; _module_preset=&#8221;default&#8221; global_colors_info=&#8221;{}&#8221;][et_pb_image src=&#8221;https:\/\/happyheart.center\/wp-content\/uploads\/2021\/10\/IMG-20200917-WA0000.jpg&#8221; title_text=&#8221;outdoor practice room, activity platform&#8221; _builder_version=&#8221;4.21.0&#8243; _module_preset=&#8221;default&#8221; custom_margin=&#8221;||||false|false&#8221; border_radii=&#8221;on|4px|4px|4px|4px&#8221; box_shadow_style=&#8221;preset2&#8243; box_shadow_horizontal=&#8221;8px&#8221; box_shadow_vertical=&#8221;8px&#8221; locked=&#8221;off&#8221; global_colors_info=&#8221;{}&#8221;][\/et_pb_image][\/et_pb_column][\/et_pb_row][et_pb_row column_structure=&#8221;1_4,1_2,1_4&#8243; use_custom_gutter=&#8221;on&#8221; gutter_width=&#8221;2&#8243; make_equal=&#8221;on&#8221; _builder_version=&#8221;4.21.0&#8243; _module_preset=&#8221;default&#8221; custom_margin=&#8221;3em|auto||auto|false|false&#8221; custom_padding=&#8221;||||false|false&#8221; locked=&#8221;off&#8221; global_colors_info=&#8221;{}&#8221;][et_pb_column type=&#8221;1_4&#8243; _builder_version=&#8221;4.21.0&#8243; _module_preset=&#8221;default&#8221; global_colors_info=&#8221;{}&#8221;][et_pb_image src=&#8221;https:\/\/happyheart.center\/wp-content\/uploads\/2021\/10\/20191028_151310-scaled.jpg&#8221; title_text=&#8221;20191028_151310&#8243; _builder_version=&#8221;4.21.0&#8243; _module_preset=&#8221;default&#8221; custom_margin=&#8221;||||false|false&#8221; border_radii=&#8221;on|4px|4px|4px|4px&#8221; box_shadow_style=&#8221;preset2&#8243; box_shadow_horizontal=&#8221;8px&#8221; box_shadow_vertical=&#8221;8px&#8221; global_colors_info=&#8221;{}&#8221;][\/et_pb_image][et_pb_image src=&#8221;https:\/\/happyheart.center\/wp-content\/uploads\/2023\/05\/IMG-20200719-WA0067.jpg&#8221; title_text=&#8221;IMG-20200719-WA0067&#8243; _builder_version=&#8221;4.21.0&#8243; _module_preset=&#8221;default&#8221; custom_margin=&#8221;3em||||false|false&#8221; border_radii=&#8221;on|4px|4px|4px|4px&#8221; box_shadow_style=&#8221;preset2&#8243; box_shadow_horizontal=&#8221;8px&#8221; box_shadow_vertical=&#8221;8px&#8221; global_colors_info=&#8221;{}&#8221;][\/et_pb_image][\/et_pb_column][et_pb_column type=&#8221;1_2&#8243; _builder_version=&#8221;4.16&#8243; _module_preset=&#8221;default&#8221; global_colors_info=&#8221;{}&#8221;][et_pb_text _builder_version=&#8221;4.21.0&#8243; _module_preset=&#8221;default&#8221; custom_margin=&#8221;||||false|false&#8221; custom_padding=&#8221;||||false|false&#8221; global_colors_info=&#8221;{}&#8221;]<\/p>\n<h1 style=\"text-align: center;\">Accommodation<\/h1>\n<p style=\"text-align: justify;\">The bastide offers 4 rooms (soon 6), configurable from 1 to 6 beds, to accommodate up to 16 (and soon 20) participants. All offer:<\/p>\n<ul>\n<li style=\"text-align: justify;\">Walk-in shower room with separate toilet within each bedroom.<\/li>\n<li style=\"text-align: justify;\">Use of chic and natural materials (cotton, wood, stone, metal).<\/li>\n<li style=\"text-align: justify;\">Low temperature underfloor heating and hot water, sustainably produced.<\/li>\n<li style=\"text-align: justify;\">WiFi (configurable on demand)<\/li>\n<\/ul>\n<p style=\"text-align: justify;\">The Glamping site (for &#8220;Glamourous Camping&#8221;) welcomes with great comfort, close to nature, up to 27 participants:<\/p>\n<ul>\n<li style=\"text-align: justify;\">Real showers and toilets integrated into beautiful wooden trailers.<\/li>\n<li style=\"text-align: justify;\">Large lodge tent of 20m\u00b2, accommodating 1 to 3 beds with 100x200cm natural latex mattresses.<\/li>\n<li style=\"text-align: justify;\">Electricity, lighting, USB charger and WiFi in each tent.<\/li>\n<li style=\"text-align: justify;\">Rest areas.<\/li>\n<\/ul>\n<p style=\"text-align: justify;\">Also available, large spaces for campers wishing to install their own:<\/p>\n<ul>\n<li style=\"text-align: justify;\">Tent<\/li>\n<li style=\"text-align: justify;\">Camper van<\/li>\n<li style=\"text-align: justify;\">Motorhome<\/li>\n<\/ul>\n<p>Several car parks are also available to customers.<\/p>\n<p>[\/et_pb_text][\/et_pb_column][et_pb_column type=&#8221;1_4&#8243; _builder_version=&#8221;4.16&#8243; _module_preset=&#8221;default&#8221; global_colors_info=&#8221;{}&#8221;][et_pb_image src=&#8221;https:\/\/happyheart.center\/wp-content\/uploads\/2020\/11\/20200728_145352-scaled.jpg&#8221; title_text=&#8221;20200728_145352&#8243; _builder_version=&#8221;4.21.0&#8243; _module_preset=&#8221;default&#8221; custom_margin=&#8221;||||false|false&#8221; border_radii=&#8221;on|4px|4px|4px|4px&#8221; box_shadow_style=&#8221;preset2&#8243; box_shadow_horizontal=&#8221;8px&#8221; box_shadow_vertical=&#8221;8px&#8221; global_colors_info=&#8221;{}&#8221;][\/et_pb_image][et_pb_image src=&#8221;https:\/\/happyheart.center\/wp-content\/uploads\/2023\/05\/IMG_20200708_191931-01.small_.png&#8221; title_text=&#8221;IMG_20200708_191931-01.small&#8221; _builder_version=&#8221;4.21.0&#8243; _module_preset=&#8221;default&#8221; custom_margin=&#8221;3em||||false|false&#8221; border_radii=&#8221;on|4px|4px|4px|4px&#8221; box_shadow_style=&#8221;preset2&#8243; box_shadow_horizontal=&#8221;8px&#8221; box_shadow_vertical=&#8221;8px&#8221; global_colors_info=&#8221;{}&#8221;][\/et_pb_image][\/et_pb_column][\/et_pb_row][et_pb_row column_structure=&#8221;1_2,1_2&#8243; use_custom_gutter=&#8221;on&#8221; gutter_width=&#8221;2&#8243; make_equal=&#8221;on&#8221; _builder_version=&#8221;4.21.0&#8243; _module_preset=&#8221;default&#8221; custom_margin=&#8221;30px||||false|false&#8221; custom_padding=&#8221;||0px|||&#8221; global_colors_info=&#8221;{}&#8221;][et_pb_column type=&#8221;1_2&#8243; _builder_version=&#8221;4.16&#8243; _module_preset=&#8221;default&#8221; global_colors_info=&#8221;{}&#8221;][et_pb_text _builder_version=&#8221;4.21.0&#8243; _module_preset=&#8221;default&#8221; text_font_size=&#8221;1em&#8221; text_line_height=&#8221;1.8em&#8221; global_colors_info=&#8221;{}&#8221;]<\/p>\n<h1>Practices<\/h1>\n<p style=\"text-align: justify;\">Thanks to the vastness and purity of its spaces, its isolation, its tranquility, the immersion and the instantaneous connection with the environment, the site is naturally ideal for the practice of any activity of development and personal introspection, group sharing, federation and cohesion of teams and community, conducive to reflection and drawing of creative, strategic, and visionary works:<\/p>\n<ul>\n<li style=\"text-align: justify;\">Seminars for management, strategy and corporate leadership.<\/li>\n<li style=\"text-align: justify;\">Team cohesion, team building.<\/li>\n<li style=\"text-align: justify;\">Personal development course, survival course, return to the sources.<\/li>\n<li style=\"text-align: justify;\">Creative and culinary workshops, conferences, seminars.<\/li>\n<li style=\"text-align: justify;\">Yoga, meditation, spiritual retreat, silent retreat, group therapy, hollistic practices, alternative medicine, alternative and foreign medicines, shamanism.<\/li>\n<\/ul>\n<p>[\/et_pb_text][\/et_pb_column][et_pb_column type=&#8221;1_2&#8243; _builder_version=&#8221;4.21.0&#8243; _module_preset=&#8221;default&#8221; global_colors_info=&#8221;{}&#8221;][et_pb_image src=&#8221;https:\/\/happyheart.center\/wp-content\/uploads\/2021\/10\/IMG_20200714_094916-01-1-scaled.jpeg&#8221; title_text=&#8221;IMG_20200714_094916-01&#8243; _builder_version=&#8221;4.21.0&#8243; _module_preset=&#8221;default&#8221; custom_margin=&#8221;||||false|false&#8221; border_radii=&#8221;on|4px|4px|4px|4px&#8221; box_shadow_style=&#8221;preset2&#8243; box_shadow_horizontal=&#8221;8px&#8221; box_shadow_vertical=&#8221;8px&#8221; locked=&#8221;off&#8221; global_colors_info=&#8221;{}&#8221;][\/et_pb_image][\/et_pb_column][\/et_pb_row][et_pb_row column_structure=&#8221;2_5,3_5&#8243; use_custom_gutter=&#8221;on&#8221; gutter_width=&#8221;2&#8243; make_equal=&#8221;on&#8221; _builder_version=&#8221;4.21.0&#8243; _module_preset=&#8221;default&#8221; custom_margin=&#8221;3em||||false|false&#8221; custom_padding=&#8221;||||false|false&#8221; global_colors_info=&#8221;{}&#8221;][et_pb_column type=&#8221;2_5&#8243; _builder_version=&#8221;4.16&#8243; _module_preset=&#8221;default&#8221; global_colors_info=&#8221;{}&#8221;][et_pb_image src=&#8221;https:\/\/happyheart.center\/wp-content\/uploads\/2023\/06\/france-ged10e88ab_640.jpg&#8221; title_text=&#8221;France-ged10e88ab_640&#8243; _builder_version=&#8221;4.21.0&#8243; _module_preset=&#8221;default&#8221; custom_margin=&#8221;||||false|false&#8221; border_radii=&#8221;on|4px|4px|4px|4px&#8221; box_shadow_style=&#8221;preset2&#8243; box_shadow_horizontal=&#8221;8px&#8221; box_shadow_vertical=&#8221;8px&#8221; locked=&#8221;off&#8221; global_colors_info=&#8221;{}&#8221;][\/et_pb_image][et_pb_image src=&#8221;https:\/\/happyheart.center\/wp-content\/uploads\/2023\/06\/IMG-20200717-WA0047.jpg&#8221; title_text=&#8221;IMG-20200717-WA0047&#8243; _builder_version=&#8221;4.21.0&#8243; _module_preset=&#8221;default&#8221; custom_margin=&#8221;||||false|false&#8221; border_radii=&#8221;on|4px|4px|4px|4px&#8221; box_shadow_style=&#8221;preset2&#8243; box_shadow_horizontal=&#8221;8px&#8221; box_shadow_vertical=&#8221;8px&#8221; locked=&#8221;off&#8221; global_colors_info=&#8221;{}&#8221;][\/et_pb_image][\/et_pb_column][et_pb_column type=&#8221;3_5&#8243; _builder_version=&#8221;4.16&#8243; _module_preset=&#8221;default&#8221; global_colors_info=&#8221;{}&#8221;][et_pb_text _builder_version=&#8221;4.21.0&#8243; _module_preset=&#8221;default&#8221; text_font_size=&#8221;1em&#8221; text_line_height=&#8221;1.8em&#8221; custom_padding=&#8221;||||false|false&#8221; global_colors_info=&#8221;{}&#8221;]<\/p>\n<h1 style=\"font-size: 2em;\">Activities<\/h1>\n<p style=\"text-align: justify;\">In the heart of the mountains of the Nice countryside and in the immediate vicinity of the Var river and its tributaries, you are already ready to share adventures, pleasures and sensations of outdoor sports under the sun of the French Riviera.<\/p>\n<p style=\"text-align: justify;\">On site:<\/p>\n<ul>\n<li style=\"text-align: justify;\">100m\u00b2 wooden outdoor activity platform, covered, suspended on a large isolated forest meadow, naturally flowered, with sunrises and sunsets views over the mountain ranges.<\/li>\n<li style=\"text-align: justify;\">60m\u00b2 activity room, wooden floor, low temperature underfloor heating and wood stove.<\/li>\n<li style=\"text-align: justify;\">In private forest:\n<ul>\n<li style=\"text-align: justify;\">meditative and reflective walks,<\/li>\n<li style=\"text-align: justify;\">team games, treasure hunt, orienteering,<\/li>\n<li style=\"text-align: justify;\">creative activities, bushcraft<\/li>\n<\/ul>\n<\/li>\n<li style=\"text-align: justify;\">Walks and hikes (GR510 on the edge of the property).<\/li>\n<li>Trampoline, badminton, volleyball, archery, slackline, climbing.<\/li>\n<li style=\"text-align: justify;\">Cycling, mountain biking.<\/li>\n<\/ul>\n<p>In the immediate vicinity:<\/p>\n<ul>\n<li style=\"text-align: justify;\">Swimming in the river (Est\u00e9ron, Clues du Riolan)<\/li>\n<li style=\"text-align: justify;\"><span>Via ferrata of <a href=\"http:\/\/www.via-ferrata-puget.com\/\" target=\"_blank\" rel=\"noopener\">Demoiselles du Castagnet<\/a> (Puget-Theniers)<\/span><\/li>\n<li style=\"text-align: justify;\"><span><a href=\"https:\/\/www.raftingcotedazur.fr\/\" target=\"_blank\" rel=\"noopener\">White water sports<\/a> (canoeing, rafting, canyoning, water trekking)<\/span><\/li>\n<\/ul>\n<p><span>Nearby:<\/span><\/p>\n<ul>\n<li>Mercantour National Park<\/li>\n<li>Winter sports resorts of Valberg, Allos, Auron, Isola 2000<span><\/span><\/li>\n<\/ul>\n<p>[\/et_pb_text][\/et_pb_column][\/et_pb_row][et_pb_row column_structure=&#8221;3_5,2_5&#8243; _builder_version=&#8221;4.21.0&#8243; _module_preset=&#8221;default&#8221; global_colors_info=&#8221;{}&#8221;][et_pb_column type=&#8221;3_5&#8243; _builder_version=&#8221;4.21.0&#8243; _module_preset=&#8221;default&#8221; global_colors_info=&#8221;{}&#8221;][et_pb_text _builder_version=&#8221;4.21.0&#8243; _module_preset=&#8221;default&#8221; global_colors_info=&#8221;{}&#8221;]<\/p>\n<h1 style=\"text-align: justify;\">Organization<\/h1>\n<p style=\"text-align: justify;\">Our team and our partners are at your disposal to help you with the organization of your events:<\/p>\n<ul>\n<li style=\"text-align: justify;\">Our caterers and chefs offer a wide variety of local, world, vegan, vegetarian or flexitarian cuisines, homemade with local products, as well as nutritional programs tailored to your event.<\/li>\n<li style=\"text-align: justify;\">Public transport to\/from the main transit nodes (Nice airport, SNCF train station, bus station), cities (Monaco, Nice, Antibes, Cannes&#8230;) and places of activity.<\/li>\n<li style=\"text-align: justify;\">Online information, registration and payment of participants: personalized marketing\/funnel page, personalized registration form and payments by credit card and PayPal.<\/li>\n<\/ul>\n<p>So you can focus on the content of your event and the experience given to your customers.<\/p>\n<p>&nbsp;<\/p>\n<p>[\/et_pb_text][\/et_pb_column][et_pb_column type=&#8221;2_5&#8243; _builder_version=&#8221;4.21.0&#8243; _module_preset=&#8221;default&#8221; global_colors_info=&#8221;{}&#8221;][et_pb_image src=&#8221;https:\/\/happyheart.center\/wp-content\/uploads\/2023\/06\/team_building_planning.1080.png&#8221; title_text=&#8221;team_building_planning.1080&#8243; _builder_version=&#8221;4.21.0&#8243; _module_preset=&#8221;default&#8221; custom_margin=&#8221;||||false|false&#8221; border_radii=&#8221;on|4px|4px|4px|4px&#8221; box_shadow_style=&#8221;preset2&#8243; box_shadow_horizontal=&#8221;8px&#8221; box_shadow_vertical=&#8221;8px&#8221; locked=&#8221;off&#8221; global_colors_info=&#8221;{}&#8221;][\/et_pb_image][\/et_pb_column][\/et_pb_row][et_pb_row column_structure=&#8221;1_3,1_3,1_3&#8243; _builder_version=&#8221;4.21.0&#8243; _module_preset=&#8221;default&#8221; global_colors_info=&#8221;{}&#8221;][et_pb_column type=&#8221;1_3&#8243; _builder_version=&#8221;4.21.0&#8243; _module_preset=&#8221;default&#8221; global_colors_info=&#8221;{}&#8221;][et_pb_image src=&#8221;https:\/\/happyheart.center\/wp-content\/uploads\/2023\/06\/planner.png&#8221; title_text=&#8221;Planner&#8221; _builder_version=&#8221;4.21.0&#8243; _module_preset=&#8221;default&#8221; global_colors_info=&#8221;{}&#8221;][\/et_pb_image][\/et_pb_column][et_pb_column type=&#8221;1_3&#8243; _builder_version=&#8221;4.21.0&#8243; _module_preset=&#8221;default&#8221; global_colors_info=&#8221;{}&#8221;][et_pb_button button_url=&#8221;@ET-DC@eyJkeW5hbWljIjp0cnVlLCJjb250ZW50IjoicG9zdF9saW5rX3VybF9wYWdlIiwic2V0dGluZ3MiOnsicG9zdF9pZCI6IjgxIn19@&#8221; button_text=&#8221;Contact us to organize your event&#8221; button_alignment=&#8221;center&#8221; _builder_version=&#8221;4.21.0&#8243; _dynamic_attributes=&#8221;button_url&#8221; _module_preset=&#8221;default&#8221; custom_margin=&#8221;||||false|false&#8221; global_colors_info=&#8221;{}&#8221;][\/et_pb_button][\/et_pb_column][et_pb_column type=&#8221;1_3&#8243; _builder_version=&#8221;4.21.0&#8243; _module_preset=&#8221;default&#8221; global_colors_info=&#8221;{}&#8221;][\/et_pb_column][\/et_pb_row][\/et_pb_section]<\/p>\n","protected":false},"excerpt":{"rendered":"<p>Retreat Center Col St Rapha\u00ebl, gateway to the Pr\u00e9alpes d&#8217;Azur, Alpes-Maritimes (06), Provence Alpes C\u00f4te-d&#8217;Azur (PACA)To meet, discover, or cultivate oneself, in the charm and tranquility of a retreat center dedicated to well-being and well-living together, to the harmony of personal development and sustainable development, neuroscience and alternative medicines.Nested in the heart of a 80-hectare [&hellip;]<\/p>\n","protected":false},"author":1,"featured_media":0,"parent":0,"menu_order":0,"comment_status":"closed","ping_status":"closed","template":"","meta":{"_et_pb_use_builder":"on","_et_pb_old_content":"","_et_gb_content_width":"","footnotes":""},"class_list":["post-249","page","type-page","status-publish","hentry"],"_links":{"self":[{"href":"https:\/\/happyheart.center\/en\/wp-json\/wp\/v2\/pages\/249","targetHints":{"allow":["GET"]}}],"collection":[{"href":"https:\/\/happyheart.center\/en\/wp-json\/wp\/v2\/pages"}],"about":[{"href":"https:\/\/happyheart.center\/en\/wp-json\/wp\/v2\/types\/page"}],"author":[{"embeddable":true,"href":"https:\/\/happyheart.center\/en\/wp-json\/wp\/v2\/users\/1"}],"replies":[{"embeddable":true,"href":"https:\/\/happyheart.center\/en\/wp-json\/wp\/v2\/comments?post=249"}],"version-history":[{"count":66,"href":"https:\/\/happyheart.center\/en\/wp-json\/wp\/v2\/pages\/249\/revisions"}],"predecessor-version":[{"id":1045,"href":"https:\/\/happyheart.center\/en\/wp-json\/wp\/v2\/pages\/249\/revisions\/1045"}],"wp:attachment":[{"href":"https:\/\/happyheart.center\/en\/wp-json\/wp\/v2\/media?parent=249"}],"curies":[{"name":"wp","href":"https:\/\/api.w.org\/{rel}","templated":true}]}}